{"id":74,"date":"2013-09-28T15:46:11","date_gmt":"2013-09-28T14:46:11","guid":{"rendered":"http:\/\/blayeavant.fr\/wp\/?page_id=74"},"modified":"2013-09-28T15:46:11","modified_gmt":"2013-09-28T14:46:11","slug":"liens","status":"publish","type":"page","link":"http:\/\/blayeavant.fr\/wp\/?page_id=74","title":{"rendered":"Liens"},"content":{"rendered":"<p>Quelques liens \u00a0pour poursuivre la d\u00e9couverte de Blaye :<\/p>\n<ul>\n<li>Site de la Ville de Blaye :\u00a0<a href=\"http:\/\/www.blaye.fr\/\">http:\/\/www.blaye.fr\/<\/a><\/li>\n<li>Office de Tourisme de Blaye :\u00a0<a href=\"http:\/\/www.tourisme-blaye.com\/\">http:\/\/www.tourisme-blaye.com\/<\/a><\/li>\n<\/ul>\n<p>Et un lien vers le site qui nous a donn\u00e9 cette tr\u00e8s belle id\u00e9e :\u00a0<a href=\"http:\/\/parisavant.com\/\">http:\/\/parisavant.com\/<\/a><\/p>\n","protected":false},"excerpt":{"rendered":"<p>Quelques liens \u00a0pour poursuivre la d\u00e9couverte de Blaye : Site de la Ville de Blaye :\u00a0http:\/\/www.blaye.fr\/ Office de Tourisme de Blaye :\u00a0http:\/\/www.tourisme-blaye.com\/ Et un lien vers le site qui nous a donn\u00e9 cette tr\u00e8s belle id\u00e9e :\u00a0http:\/\/parisavant.com\/<\/p>\n","protected":false},"author":1,"featured_media":0,"parent":0,"menu_order":0,"comment_status":"open","ping_status":"open","template":"","meta":[],"_links":{"self":[{"href":"http:\/\/blayeavant.fr\/wp\/index.php?rest_route=\/wp\/v2\/pages\/74"}],"collection":[{"href":"http:\/\/blayeavant.fr\/wp\/index.php?rest_route=\/wp\/v2\/pages"}],"about":[{"href":"http:\/\/blayeavant.fr\/wp\/index.php?rest_route=\/wp\/v2\/types\/page"}],"author":[{"embeddable":true,"href":"http:\/\/blayeavant.fr\/wp\/index.php?rest_route=\/wp\/v2\/users\/1"}],"replies":[{"embeddable":true,"href":"http:\/\/blayeavant.fr\/wp\/index.php?rest_route=%2Fwp%2Fv2%2Fcomments&post=74"}],"version-history":[{"count":2,"href":"http:\/\/blayeavant.fr\/wp\/index.php?rest_route=\/wp\/v2\/pages\/74\/revisions"}],"predecessor-version":[{"id":190,"href":"http:\/\/blayeavant.fr\/wp\/index.php?rest_route=\/wp\/v2\/pages\/74\/revisions\/190"}],"wp:attachment":[{"href":"http:\/\/blayeavant.fr\/wp\/index.php?rest_route=%2Fwp%2Fv2%2Fmedia&parent=74"}],"curies":[{"name":"wp","href":"https:\/\/api.w.org\/{rel}","templated":true}]}}