{"id":2,"date":"2013-09-28T07:10:08","date_gmt":"2013-09-28T07:10:08","guid":{"rendered":"http:\/\/blayeavant.fr\/wp\/?page_id=2"},"modified":"2016-05-23T20:37:32","modified_gmt":"2016-05-23T19:37:32","slug":"page-d-exemple","status":"publish","type":"page","link":"http:\/\/blayeavant.fr\/wp\/?page_id=2","title":{"rendered":"A propos&#8230;"},"content":{"rendered":"<p>Sur ce site, vous allez d\u00e9couvrir, ou red\u00e9couvrir, Blaye (Gironde) au travers de cartes postales anciennes mises en vis-\u00e0-vis de photographies contemporaines.<\/p>\n<p>Les cartes postales anciennes proviennent de notre collection personnelle sauf mention contraire.<br \/>\nLes photographies contemporaines ont \u00e9t\u00e9 prises par nos soins.<\/p>\n<p>Nous essaierons de poster un nouveau lieu chaque semaine&#8230;<\/p>\n<p>Vous connaissez un lieu ? Un d\u00e9tail vous amuse ? N&rsquo;h\u00e9sitez pas \u00e0 commenter les photos afin de raconter une histoire ou une anecdote, ou d&rsquo;exprimer ce que vous ressentez.<\/p>\n<p>Si vous avez d&rsquo;anciennes cartes postales de Blaye, n&rsquo;h\u00e9sitez pas \u00e0 nous envoyer un scan de bonne qualit\u00e9, une fois prise la photographie contemporaine, nous publierons l&rsquo;ensemble sur le site.<\/p>\n<p>Pour rester en contact, utilisez le <a href=\"http:\/\/blayeavant.fr\/wp\/?feed=rss2\">flux rss<\/a>,\u00a0notre <a href=\"https:\/\/www.facebook.com\/blayeavant\">page facebook<\/a>, ou le formulaire d&rsquo;abonnement en bas de cette page pour recevoir un email lorsqu&rsquo;une nouvelle carte postale est mise en ligne\u00a0!<\/p>\n<p>Bonne balade !<\/p>\n<p><a href=\"mailto:zapgillou@blayeavant.fr\">zapgillou@blayeavant.fr<\/a><\/p>\n<p>&nbsp;<\/p>\n","protected":false},"excerpt":{"rendered":"<p>Sur ce site, vous allez d\u00e9couvrir, ou red\u00e9couvrir, Blaye (Gironde) au travers de cartes postales anciennes mises en vis-\u00e0-vis de photographies contemporaines. Les cartes postales anciennes proviennent de notre collection personnelle sauf mention contraire. Les photographies contemporaines ont \u00e9t\u00e9 prises par nos soins. Nous essaierons de poster un nouveau lieu chaque semaine&#8230; Vous connaissez un [&hellip;]<\/p>\n","protected":false},"author":1,"featured_media":0,"parent":0,"menu_order":0,"comment_status":"open","ping_status":"open","template":"","meta":[],"_links":{"self":[{"href":"http:\/\/blayeavant.fr\/wp\/index.php?rest_route=\/wp\/v2\/pages\/2"}],"collection":[{"href":"http:\/\/blayeavant.fr\/wp\/index.php?rest_route=\/wp\/v2\/pages"}],"about":[{"href":"http:\/\/blayeavant.fr\/wp\/index.php?rest_route=\/wp\/v2\/types\/page"}],"author":[{"embeddable":true,"href":"http:\/\/blayeavant.fr\/wp\/index.php?rest_route=\/wp\/v2\/users\/1"}],"replies":[{"embeddable":true,"href":"http:\/\/blayeavant.fr\/wp\/index.php?rest_route=%2Fwp%2Fv2%2Fcomments&post=2"}],"version-history":[{"count":10,"href":"http:\/\/blayeavant.fr\/wp\/index.php?rest_route=\/wp\/v2\/pages\/2\/revisions"}],"predecessor-version":[{"id":199,"href":"http:\/\/blayeavant.fr\/wp\/index.php?rest_route=\/wp\/v2\/pages\/2\/revisions\/199"}],"wp:attachment":[{"href":"http:\/\/blayeavant.fr\/wp\/index.php?rest_route=%2Fwp%2Fv2%2Fmedia&parent=2"}],"curies":[{"name":"wp","href":"https:\/\/api.w.org\/{rel}","templated":true}]}}